{"id":746,"date":"2025-05-27T08:52:08","date_gmt":"2025-05-27T12:52:08","guid":{"rendered":"https:\/\/ecoleouverte.ca\/?page_id=746"},"modified":"2025-10-24T15:24:36","modified_gmt":"2025-10-24T19:24:36","slug":"home","status":"publish","type":"page","link":"https:\/\/ecole-ouverte-1.jolistage.com\/en","title":{"rendered":"Home"},"content":{"rendered":"<div class=\"htb htb-bandeau   default-margin-top  default-margin-bottom  htb-uid-1 \">\n    <div class=\"container-fluid p-0\">\n        <div class=\"row\">\n            <div class=\"col-12\">\n                                    <div class=\"img-box\">\n                        <img decoding=\"async\" src=\"https:\/\/ecole-ouverte-1.jolistage.com\/wp-content\/uploads\/2025\/06\/acceuil-banner.jpg\" alt=\"Banni\u00e8re \u00e9cole ouverte\" class=\"img-fluid\">\n                    <\/div>\n                            <\/div>\n        <\/div>\n    <\/div>\n<\/div>\n\n<div class='htb htb-bootsrap-container  '><div class=\"wp-bootstrap-blocks-container container mb-0\">\n\t\n<div class=\"wp-bootstrap-blocks-row row\">\n\t\n\n<div class=\"col-12 col-md-12\">\n\t\t\t\n<div class=\"htb htb-hero   default-margin-top  default-margin-bottom  htb-uid-2 \" >\n\t<div class=\"container-xl p-0\">\n\t\t<div class=\"row\">\n\t\t\t<div class=\"col-12 col-md-9\">\n\t\t\t\t<div class=\"content-box\">\n\t\t\t\t\t<h1>\u00c9cole ouverte<\/h1>\t\t\t\t\t<div class=\"contenu\"><p>\u00c9cole ouverte offers a wide range of resources to the entire Qu\u00e9bec school network, including students, their parents and school staff.<\/p>\n<\/div>\t\t\t\t<\/div>\n\t\t\t<\/div>\n\t\t<\/div>\n\t\t\t\t\t<div class=\"row\">\n\t\t\t\t<div class=\"col-12\">\n\t\t\t\t\t<div class=\"search-form-wrapper bg-color color-none\">\n\t\t\t\t\t\t<p class=\"search-title  no-margin \"><b>Searching for digital educational resources<\/b><\/p>                        <p class='search-sub-title'>Please note that some information in the resource files may be in French.<\/p>\t\t\t\t\t\t<form role=\"search\" method=\"get\" class=\"search-form\" action=\"https:\/\/ecole-ouverte-1.jolistage.com\/en\/resources\/search-results\">\n\t\t\t\t\t\t\t<div class=\"input-group\">\n                                <label class=\"screen-reader-text\" for=\"search-input\">Enter a keyword to begin your search<\/label>\n\t\t\t\t\t\t\t\t<input type=\"search\" class=\"form-control search-input\" placeholder=\"Enter a keyword to begin your search\" name=\"mots-cles\" id=\"search-input\" value=\"\">\n\t\t\t\t\t\t\t\t<button type=\"button\" class=\"clear-btn\" aria-label=\"Effacer le champ de recherche\"><\/button>\n\t\t\t\t\t\t\t\t<input type=\"submit\" class=\"search-btn\" value=\"\">\n\t\t\t\t\t\t\t<\/div>\n\t\t\t\t\t\t<\/form>\n\t\t\t\t\t<\/div>\n\t\t\t\t<\/div>\n\t\t\t<\/div>\n\t\t\t\t<div class=\"row\">\n\t\t\t<div class=\"col-12\">\n\t\t\t\t<div class=\"btn-wrapper\">\n\t\t\t\t\t\t\t<a class=\"btn-link arrow-link\" href=\"https:\/\/ecole-ouverte-1.jolistage.com\/en\/resources\/\" target=\"\" title=\"Learn more about the resources\"  >Learn more about the resources<\/a>\n\t\t\t\t\t<\/div>\n\t\t\t<\/div>\n\t\t<\/div>\n\t<\/div>\n\n<\/div>\n\n\t<\/div>\n\n<\/div>\n\n<\/div>\n<\/div>\n\n<div class='htb htb-bootsrap-container bg-color color-gray '><div class=\"wp-bootstrap-blocks-container container mb-0\">\n\t\n<div class=\"wp-bootstrap-blocks-row row\">\n\t\n\n<div class=\"col-12 col-md-12\">\n\t\t\t\n<div class=\"htb htb-texte-image    default-margin-top  default-margin-bottom  htb-uid-3  pic_right\" >\n\t<div class=\"container-xl p-0\">\n\t\t<div class=\"row align-items-center\">\n\t\t\t<div class=\"col-12 col-md-2 col-image order-md-2 \">\n\t\t\t\t\t\t\t\t\t<div class=\"img-box\">\n\t\t\t\t\t\t<img decoding=\"async\" src=\"https:\/\/ecole-ouverte-1.jolistage.com\/wp-content\/uploads\/2025\/06\/competencenumerique.svg\" alt=\"Comp\u00e9tence numerique\" class=\"img-fluid\">\n\t\t\t\t\t<\/div>\n\t\t\t\t\t\t\t<\/div>\n\t\t\t<div class=\"col-12 col-md-10 col-text  order-md-1\">\n\t\t\t\t<div class=\"content-box\">\n\t\t\t\t\t<h2 class=\"title\">Developing Digital Competency<\/h2>\t\t\t\t\t<p>To promote the use of digital technologies in education, several training courses and tools are being developed on a regular basis. They are designed to help participants gain a better understanding of the <em>Digital Competency Framework<\/em> and its 12\u00a0dimensions, further their professional development and integrate digital technology into their practices more easily.<\/p>\n\t\t\t\t\t<div class=\"bts-box\">\t\t<a class=\"btn-link arrow-link\" href=\"https:\/\/ecole-ouverte-1.jolistage.com\/en\/training\/\" target=\"\" title=\"En savoir plus\"  >Find out more<\/a>\n\t<\/div>\n\t\t\t\t<\/div>\n\t\t\t<\/div>\n\t\t<\/div>\n\t<\/div>\n<\/div>\n\n\t<\/div>\n\n<\/div>\n\n<\/div>\n<\/div>\n\n<div class='htb htb-bootsrap-container bg-color color-light-blue '><div class=\"wp-bootstrap-blocks-container container mb-0\">\n\t\n<div class=\"wp-bootstrap-blocks-row row\">\n\t\n\n<div class=\"col-12 col-md-12\">\n\t\t\t\n<div class=\"htb htb-texte-image    default-margin-top  default-margin-bottom  htb-uid-4  pic_left\" >\n\t<div class=\"container-xl p-0\">\n\t\t<div class=\"row align-items-center\">\n\t\t\t<div class=\"col-12 col-md-2 col-image \">\n\t\t\t\t\t\t\t\t\t<div class=\"img-box\">\n\t\t\t\t\t\t<img decoding=\"async\" src=\"https:\/\/ecole-ouverte-1.jolistage.com\/wp-content\/uploads\/2025\/06\/eafc3fa9f2d6ce670499e856ed7b445a4c30a8a6.png\" alt=\"Le R\u00c9CIT\" class=\"img-fluid\">\n\t\t\t\t\t<\/div>\n\t\t\t\t\t\t\t<\/div>\n\t\t\t<div class=\"col-12 col-md-10 col-text  \">\n\t\t\t\t<div class=\"content-box\">\n\t\t\t\t\t<h2 class=\"title\">R\u00c9CIT<\/h2>\t\t\t\t\t<p>Through support and training, R\u00c9CIT consultants contribute to the development of digital competency, so that learners become autonomous and exercise critical judgment in their use of digital technologies.<\/p>\n\t\t\t\t\t<div class=\"bts-box\">\t\t<a class=\"btn-link arrow-link\" href=\"https:\/\/ecole-ouverte-1.jolistage.com\/soutien-scolaire\/recit\/\" target=\"\" title=\"D\u00e9couvrir le R\u00c9CIT\"  >Discover R\u00c9CIT (in French only)<\/a>\n\t<\/div>\n\t\t\t\t<\/div>\n\t\t\t<\/div>\n\t\t<\/div>\n\t<\/div>\n<\/div>\n\n\t<\/div>\n\n<\/div>\n\n<\/div>\n<\/div>\n\n<div class='htb htb-bootsrap-container bg-color color-none '><div class=\"wp-bootstrap-blocks-container container mb-0\">\n\t\n<div class=\"wp-bootstrap-blocks-row row\">\n\t\n\n<div class=\"col-12 col-md-12\">\n\t\t\t\n<div class=\"htb htb-tuiles-ressources   default-margin-top  default-margin-bottom  htb-uid-5 \">\n    <div class=\"container-xl p-0\">\n        <div class=\"row\">\n            <div class=\"col-12 col-md-9\">\n                <h2 class=\"title\">Support for educational success<\/h2>                <div class=\"description\"><p>These resources are designed to support school staff, students and the parents who wish to support their children through their schooling.<\/p>\n<\/div>            <\/div>\n        <\/div>\n        <div class=\"row tuiles\">\n                                <div class=\"col-12 col-md-4 tuile matchHeight\">\n                        <div class=\"tuile-inner\">\n                                                            <div class=\"image\">\n                                    <img loading=\"lazy\" decoding=\"async\" width=\"700\" height=\"360\" src=\"https:\/\/ecole-ouverte-1.jolistage.com\/wp-content\/uploads\/2025\/07\/alloprof-eleve-fr-bureau-700x360px.png\" class=\"attachment-full size-full\" alt=\"Alloprof\" srcset=\"https:\/\/ecole-ouverte-1.jolistage.com\/wp-content\/uploads\/2025\/07\/alloprof-eleve-fr-bureau-700x360px.png 700w, https:\/\/ecole-ouverte-1.jolistage.com\/wp-content\/uploads\/2025\/07\/alloprof-eleve-fr-bureau-700x360px-300x154.png 300w\" sizes=\"auto, (max-width: 700px) 100vw, 700px\" \/>                                <\/div>\n                                                        <div class=\"content\">\n                                <h3 class=\"tile_title show-as-h3\">Alloprof <\/h3>                                <p class=\"text\">Whether it\u2019s to chat with a teacher, review a concept, study for an exam, practise, or learn through play, Alloprof offers free, practical tools. These resources are tailored to students\u2019 needs and interests, and those of their parents too.<\/p>                                                                    <div class=\"btn-box\">\n                                        <a class=\"btn-link external-link\" href=\"https:\/\/www.alloprof.qc.ca\/en\/students\" target=\"_blank\">Visit the website<\/a>\n                                    <\/div>\n                                                            <\/div>\n                        <\/div>\n                    <\/div>\n                                    <div class=\"col-12 col-md-4 tuile matchHeight\">\n                        <div class=\"tuile-inner\">\n                                                            <div class=\"image\">\n                                    <img loading=\"lazy\" decoding=\"async\" width=\"700\" height=\"360\" src=\"https:\/\/ecole-ouverte-1.jolistage.com\/wp-content\/uploads\/2025\/07\/alloprof-parents-fr-2-700x360px.png\" class=\"attachment-full size-full\" alt=\"Alloprof parents\" srcset=\"https:\/\/ecole-ouverte-1.jolistage.com\/wp-content\/uploads\/2025\/07\/alloprof-parents-fr-2-700x360px.png 700w, https:\/\/ecole-ouverte-1.jolistage.com\/wp-content\/uploads\/2025\/07\/alloprof-parents-fr-2-700x360px-300x154.png 300w\" sizes=\"auto, (max-width: 700px) 100vw, 700px\" \/>                                <\/div>\n                                                        <div class=\"content\">\n                                <h3 class=\"tile_title show-as-h3\">Alloprof Parents<\/h3>                                <p class=\"text\">Alloprof Parents offers a wide range of resources to help parents support their children throughout their academic journey. Tools, tips, advice, and professionals ready to answer questions, all free of charge.<\/p>                                                                    <div class=\"btn-box\">\n                                        <a class=\"btn-link external-link\" href=\"https:\/\/www.alloprof.qc.ca\/en\/parents\" target=\"_blank\">Visit the website<\/a>\n                                    <\/div>\n                                                            <\/div>\n                        <\/div>\n                    <\/div>\n                                    <div class=\"col-12 col-md-4 tuile matchHeight\">\n                        <div class=\"tuile-inner\">\n                                                            <div class=\"image\">\n                                    <img loading=\"lazy\" decoding=\"async\" width=\"700\" height=\"360\" src=\"https:\/\/ecole-ouverte-1.jolistage.com\/wp-content\/uploads\/2025\/07\/ita-versionweb.png\" class=\"attachment-full size-full\" alt=\"Institut des troubles d\u2019apprentissage\" srcset=\"https:\/\/ecole-ouverte-1.jolistage.com\/wp-content\/uploads\/2025\/07\/ita-versionweb.png 700w, https:\/\/ecole-ouverte-1.jolistage.com\/wp-content\/uploads\/2025\/07\/ita-versionweb-300x154.png 300w\" sizes=\"auto, (max-width: 700px) 100vw, 700px\" \/>                                <\/div>\n                                                        <div class=\"content\">\n                                <h3 class=\"tile_title show-as-h3\">Institut des troubles d\u2019apprentissage<\/h3>                                <p class=\"text\">The Institut des troubles d\u2019apprentissage offers a wide range of resources, free of charge and in French only, to support, train, prevent and raise awareness. They are intended to promote the inclusion, perseverance and educational success of young people with learning difficulties.<\/p>                                                                    <div class=\"btn-box\">\n                                        <a class=\"btn-link arrow-link\" href=\"https:\/\/ecole-ouverte-1.jolistage.com\/en\/resources\/search-results?author=Institut%20des%20troubles%20d%E2%80%99apprentissage\" target=\"_self\">Consult the resources (in French only)<\/a>\n                                    <\/div>\n                                                            <\/div>\n                        <\/div>\n                    <\/div>\n                        <\/div>\n        <div class=\"row\">\n            <div class=\"col-12\">\n                <div class=\"bts-box\">\n                    \t\t<a class=\"btn-link arrow-link\" href=\"https:\/\/ecole-ouverte-1.jolistage.com\/en\/school-support\/\" target=\"\" title=\"Support tools\"  >Support tools<\/a>\n\t                <\/div>\n            <\/div>\n        <\/div>\n    <\/div>\n<\/div>\n\t<\/div>\n\n<\/div>\n\n<\/div>\n<\/div>\n\n<div class='htb htb-bootsrap-container bg-color color-gray show-usecase show-not_connected'><div class=\"wp-bootstrap-blocks-container container mb-0\">\n\t\n<div class=\"wp-bootstrap-blocks-row row\">\n\t\n\n<div class=\"col-12 col-md-12\">\n\t\t\t\n<div class=\"htb htb-liste-images-texte   default-margin-top  default-margin-bottom  htb-uid-6 \">\n    <div class=\"row\">\n        <div class=\"col-12 col-md-9\">\n            <h2 class=\"title\">More resources for the network<\/h2>            <div class=\"content\"><p>Access to exclusive resources on these platforms is also available to all students and school staff by simply <a href=\"#\" data-bs-toggle=\"modal\" data-bs-target=\"#modal-login\">logging in<\/a> from the school portal.  The educational institution must be part of a school service centre or school board, or a private educational institution accredited for purposes of subsidies.<\/p>\n<\/div>        <\/div>\n    <\/div>\n                    <div class=\"row item normal-image\">\n                    <div class=\"col-12 col-md-5\">\n                        <div class=\"image\">\n                            <img loading=\"lazy\" decoding=\"async\" width=\"450\" height=\"230\" src=\"https:\/\/ecole-ouverte-1.jolistage.com\/wp-content\/uploads\/2025\/06\/36b70072233b2d7638083b407cb692e70d0a3c9b.png\" class=\"attachment-henri_liste_image size-henri_liste_image\" alt=\"Curio,\" srcset=\"https:\/\/ecole-ouverte-1.jolistage.com\/wp-content\/uploads\/2025\/06\/36b70072233b2d7638083b407cb692e70d0a3c9b.png 900w, https:\/\/ecole-ouverte-1.jolistage.com\/wp-content\/uploads\/2025\/06\/36b70072233b2d7638083b407cb692e70d0a3c9b-300x153.png 300w, https:\/\/ecole-ouverte-1.jolistage.com\/wp-content\/uploads\/2025\/06\/36b70072233b2d7638083b407cb692e70d0a3c9b-768x393.png 768w\" sizes=\"auto, (max-width: 450px) 100vw, 450px\" \/>                        <\/div>\n                    <\/div>\n                    <div class=\"col-12 col-md-7\">\n                        <div class=\"right-section\">\n        \n                            <h3 class=\"item-title\">Curio by CBC\/Radio-Canada<\/h2>                            <div class=\"item-content\"><p>Curio is the go-to site for CBC\/Radio-Canada content carefully selected for its relevance in teaching every subject area. Learning comes alive with Curio.<\/p>\n<\/div>\n                            <div class=\"content-bottom\">\n                                                                    <div class=\"btn-box\">\n                                        <a class=\"btn btn-secondary compact external-link\" href=\"https:\/\/curio.ca\/en\" target=\"_blank\" title=\"Visit the website\">Visit the website<\/a>\n                                    <\/div>\n                                                                                                    <div class=\"btn-box\">\n                                        <a class=\"btn-link arrow-link\" href=\"https:\/\/ecole-ouverte-1.jolistage.com\/en\/resources\/search-results\/?control-number-identifier=CA-CURIO\" target=\"\" title=\"Discover resources from Curio\">Discover resources from Curio<\/a>\n                                    <\/div>\n                                                            <\/div>\n                        <\/div>\n                    <\/div>\n                <\/div>\n                            <div class=\"row item normal-image\">\n                    <div class=\"col-12 col-md-5\">\n                        <div class=\"image\">\n                            <img loading=\"lazy\" decoding=\"async\" width=\"447\" height=\"230\" src=\"https:\/\/ecole-ouverte-1.jolistage.com\/wp-content\/uploads\/2025\/06\/onf.jpg\" class=\"attachment-henri_liste_image size-henri_liste_image\" alt=\"Office National du Film du Canada\" srcset=\"https:\/\/ecole-ouverte-1.jolistage.com\/wp-content\/uploads\/2025\/06\/onf.jpg 875w, https:\/\/ecole-ouverte-1.jolistage.com\/wp-content\/uploads\/2025\/06\/onf-300x154.jpg 300w, https:\/\/ecole-ouverte-1.jolistage.com\/wp-content\/uploads\/2025\/06\/onf-768x395.jpg 768w\" sizes=\"auto, (max-width: 447px) 100vw, 447px\" \/>                        <\/div>\n                    <\/div>\n                    <div class=\"col-12 col-md-7\">\n                        <div class=\"right-section\">\n        \n                            <h3 class=\"item-title\">NFB Education<\/h2>                            <div class=\"item-content\"><p>The National Film Board\u2019s (NFB) education resources cover a wide range of themes, including diversity and inclusion, mental health and well-being, the environment and geography, and arts and literature. Many of them come with study guides.<\/p>\n<\/div>\n                            <div class=\"content-bottom\">\n                                                                    <div class=\"btn-box\">\n                                        <a class=\"btn btn-secondary compact external-link\" href=\"https:\/\/www.nfb.ca\/education\/\" target=\"_blank\" title=\"Visit the website\">Visit the website<\/a>\n                                    <\/div>\n                                                                                                    <div class=\"btn-box\">\n                                        <a class=\"btn-link arrow-link\" href=\"https:\/\/ecole-ouverte-1.jolistage.com\/en\/resources\/search-results\/?control-number-identifier=CaQMNF\" target=\"\" title=\"Discover resources from NFB Education\">Discover resources from NFB Education<\/a>\n                                    <\/div>\n                                                            <\/div>\n                        <\/div>\n                    <\/div>\n                <\/div>\n                            <div class=\"row item normal-image\">\n                    <div class=\"col-12 col-md-5\">\n                        <div class=\"image\">\n                            <img loading=\"lazy\" decoding=\"async\" width=\"450\" height=\"230\" src=\"https:\/\/ecole-ouverte-1.jolistage.com\/wp-content\/uploads\/2025\/07\/tele-quebec-en-classe-900x460-1.jpg\" class=\"attachment-henri_liste_image size-henri_liste_image\" alt=\"T\u00e9l\u00e9-Qu\u00e9bec en classe\" srcset=\"https:\/\/ecole-ouverte-1.jolistage.com\/wp-content\/uploads\/2025\/07\/tele-quebec-en-classe-900x460-1.jpg 900w, https:\/\/ecole-ouverte-1.jolistage.com\/wp-content\/uploads\/2025\/07\/tele-quebec-en-classe-900x460-1-300x153.jpg 300w, https:\/\/ecole-ouverte-1.jolistage.com\/wp-content\/uploads\/2025\/07\/tele-quebec-en-classe-900x460-1-768x393.jpg 768w\" sizes=\"auto, (max-width: 450px) 100vw, 450px\" \/>                        <\/div>\n                    <\/div>\n                    <div class=\"col-12 col-md-7\">\n                        <div class=\"right-section\">\n        \n                            <h3 class=\"item-title\">T\u00e9l\u00e9-Qu\u00e9bec en classe<\/h2>                            <div class=\"item-content\"><p>T\u00e9l\u00e9-Qu\u00e9bec en classe offers a plethora of relevant and inspiring content for the joy of teaching, learning and discovering. From preschool to post-secondary education, these exclusive creations offer the opportunity to explore a wide range of subjects.<\/p>\n<\/div>\n                            <div class=\"content-bottom\">\n                                                                    <div class=\"btn-box\">\n                                        <a class=\"btn btn-secondary compact external-link\" href=\"https:\/\/enclasse.telequebec.tv\" target=\"_blank\" title=\"Visit the website (in French only)\">Visit the website (in French only)<\/a>\n                                    <\/div>\n                                                                                                    <div class=\"btn-box\">\n                                        <a class=\"btn-link arrow-link\" href=\"https:\/\/ecole-ouverte-1.jolistage.com\/en\/resources\/search-results\/?control-number-identifier=QMTQC\" target=\"\" title=\"Discover resources from T\u00e9l\u00e9-Qu\u00e9bec en classe (in French only)\">Discover resources from T\u00e9l\u00e9-Qu\u00e9bec en classe (in French only)<\/a>\n                                    <\/div>\n                                                            <\/div>\n                        <\/div>\n                    <\/div>\n                <\/div>\n            \n<\/div>\n\t<\/div>\n\n<\/div>\n\n<\/div>\n<\/div>","protected":false},"excerpt":{"rendered":"","protected":false},"author":1,"featured_media":0,"parent":0,"menu_order":0,"comment_status":"closed","ping_status":"closed","template":"","meta":{"_acf_changed":false,"inline_featured_image":false,"footnotes":""},"class_list":["post-746","page","type-page","status-publish","hentry"],"acf":[],"yoast_head":"<!-- This site is optimized with the Yoast SEO plugin v26.0 - https:\/\/yoast.com\/wordpress\/plugins\/seo\/ -->\n<title>Home | L&#039;\u00c9cole ouverte<\/title>\n<meta name=\"robots\" content=\"noindex, follow, max-snippet:-1, max-image-preview:large, max-video-preview:-1\" \/>\n<meta property=\"og:locale\" content=\"en_US\" \/>\n<meta property=\"og:type\" content=\"article\" \/>\n<meta property=\"og:title\" content=\"Home | L&#039;\u00c9cole ouverte\" \/>\n<meta property=\"og:url\" content=\"https:\/\/ecole-ouverte-1.jolistage.com\/en\" \/>\n<meta property=\"og:site_name\" content=\"L&#039;\u00c9cole ouverte\" \/>\n<meta property=\"article:publisher\" content=\"https:\/\/www.facebook.com\/quebeceducation\" \/>\n<meta property=\"article:modified_time\" content=\"2025-10-24T19:24:36+00:00\" \/>\n<meta property=\"og:image\" content=\"https:\/\/ecole-ouverte-1.jolistage.com\/wp-content\/uploads\/2025\/08\/ecole-ouverte-social.png\" \/>\n\t<meta property=\"og:image:width\" content=\"1200\" \/>\n\t<meta property=\"og:image:height\" content=\"675\" \/>\n\t<meta property=\"og:image:type\" content=\"image\/png\" \/>\n<meta name=\"twitter:card\" content=\"summary_large_image\" \/>\n<meta name=\"twitter:site\" content=\"@EducationQC\" \/>\n<script type=\"application\/ld+json\" class=\"yoast-schema-graph\">{\"@context\":\"https:\/\/schema.org\",\"@graph\":[{\"@type\":\"WebPage\",\"@id\":\"https:\/\/ecole-ouverte-1.jolistage.com\/en\",\"url\":\"https:\/\/ecole-ouverte-1.jolistage.com\/en\",\"name\":\"Home | L&#039;\u00c9cole ouverte\",\"isPartOf\":{\"@id\":\"https:\/\/ecole-ouverte-1.jolistage.com\/en\/#website\"},\"datePublished\":\"2025-05-27T12:52:08+00:00\",\"dateModified\":\"2025-10-24T19:24:36+00:00\",\"breadcrumb\":{\"@id\":\"https:\/\/ecole-ouverte-1.jolistage.com\/en#breadcrumb\"},\"inLanguage\":\"en-US\",\"potentialAction\":[{\"@type\":\"ReadAction\",\"target\":[\"https:\/\/ecole-ouverte-1.jolistage.com\/en\"]}]},{\"@type\":\"BreadcrumbList\",\"@id\":\"https:\/\/ecole-ouverte-1.jolistage.com\/en#breadcrumb\",\"itemListElement\":[{\"@type\":\"ListItem\",\"position\":1,\"name\":\"Home\",\"item\":\"https:\/\/ecole-ouverte-1.jolistage.com\/en\/\"},{\"@type\":\"ListItem\",\"position\":2,\"name\":\"Home\"}]},{\"@type\":\"WebSite\",\"@id\":\"https:\/\/ecole-ouverte-1.jolistage.com\/en\/#website\",\"url\":\"https:\/\/ecole-ouverte-1.jolistage.com\/en\/\",\"name\":\"L'\u00c9cole Ouverte\",\"description\":\"\",\"potentialAction\":[{\"@type\":\"SearchAction\",\"target\":{\"@type\":\"EntryPoint\",\"urlTemplate\":\"https:\/\/ecole-ouverte-1.jolistage.com\/en\/?s={search_term_string}\"},\"query-input\":{\"@type\":\"PropertyValueSpecification\",\"valueRequired\":true,\"valueName\":\"search_term_string\"}}],\"inLanguage\":\"en-US\"}]}<\/script>\n<!-- \/ Yoast SEO plugin. -->","yoast_head_json":{"title":"Home | L&#039;\u00c9cole ouverte","robots":{"index":"noindex","follow":"follow","max-snippet":"max-snippet:-1","max-image-preview":"max-image-preview:large","max-video-preview":"max-video-preview:-1"},"og_locale":"en_US","og_type":"article","og_title":"Home | L&#039;\u00c9cole ouverte","og_url":"https:\/\/ecole-ouverte-1.jolistage.com\/en","og_site_name":"L&#039;\u00c9cole ouverte","article_publisher":"https:\/\/www.facebook.com\/quebeceducation","article_modified_time":"2025-10-24T19:24:36+00:00","og_image":[{"width":1200,"height":675,"url":"https:\/\/ecole-ouverte-1.jolistage.com\/wp-content\/uploads\/2025\/08\/ecole-ouverte-social.png","type":"image\/png"}],"twitter_card":"summary_large_image","twitter_site":"@EducationQC","schema":{"@context":"https:\/\/schema.org","@graph":[{"@type":"WebPage","@id":"https:\/\/ecole-ouverte-1.jolistage.com\/en","url":"https:\/\/ecole-ouverte-1.jolistage.com\/en","name":"Home | L&#039;\u00c9cole ouverte","isPartOf":{"@id":"https:\/\/ecole-ouverte-1.jolistage.com\/en\/#website"},"datePublished":"2025-05-27T12:52:08+00:00","dateModified":"2025-10-24T19:24:36+00:00","breadcrumb":{"@id":"https:\/\/ecole-ouverte-1.jolistage.com\/en#breadcrumb"},"inLanguage":"en-US","potentialAction":[{"@type":"ReadAction","target":["https:\/\/ecole-ouverte-1.jolistage.com\/en"]}]},{"@type":"BreadcrumbList","@id":"https:\/\/ecole-ouverte-1.jolistage.com\/en#breadcrumb","itemListElement":[{"@type":"ListItem","position":1,"name":"Home","item":"https:\/\/ecole-ouverte-1.jolistage.com\/en\/"},{"@type":"ListItem","position":2,"name":"Home"}]},{"@type":"WebSite","@id":"https:\/\/ecole-ouverte-1.jolistage.com\/en\/#website","url":"https:\/\/ecole-ouverte-1.jolistage.com\/en\/","name":"L'\u00c9cole Ouverte","description":"","potentialAction":[{"@type":"SearchAction","target":{"@type":"EntryPoint","urlTemplate":"https:\/\/ecole-ouverte-1.jolistage.com\/en\/?s={search_term_string}"},"query-input":{"@type":"PropertyValueSpecification","valueRequired":true,"valueName":"search_term_string"}}],"inLanguage":"en-US"}]}},"_links":{"self":[{"href":"https:\/\/ecole-ouverte-1.jolistage.com\/en\/wp-json\/wp\/v2\/pages\/746","targetHints":{"allow":["GET"]}}],"collection":[{"href":"https:\/\/ecole-ouverte-1.jolistage.com\/en\/wp-json\/wp\/v2\/pages"}],"about":[{"href":"https:\/\/ecole-ouverte-1.jolistage.com\/en\/wp-json\/wp\/v2\/types\/page"}],"author":[{"embeddable":true,"href":"https:\/\/ecole-ouverte-1.jolistage.com\/en\/wp-json\/wp\/v2\/users\/1"}],"replies":[{"embeddable":true,"href":"https:\/\/ecole-ouverte-1.jolistage.com\/en\/wp-json\/wp\/v2\/comments?post=746"}],"version-history":[{"count":18,"href":"https:\/\/ecole-ouverte-1.jolistage.com\/en\/wp-json\/wp\/v2\/pages\/746\/revisions"}],"predecessor-version":[{"id":942,"href":"https:\/\/ecole-ouverte-1.jolistage.com\/en\/wp-json\/wp\/v2\/pages\/746\/revisions\/942"}],"wp:attachment":[{"href":"https:\/\/ecole-ouverte-1.jolistage.com\/en\/wp-json\/wp\/v2\/media?parent=746"}],"curies":[{"name":"wp","href":"https:\/\/api.w.org\/{rel}","templated":true}]}}